{"id":1666,"date":"2015-07-21T21:16:49","date_gmt":"2015-07-21T19:16:49","guid":{"rendered":"https:\/\/genova.ee\/%d0%ba%d0%be%d0%bd%d1%82%d0%b0%d0%ba%d1%82%d1%8b\/"},"modified":"2022-11-17T14:39:18","modified_gmt":"2022-11-17T11:39:18","slug":"kontakty","status":"publish","type":"page","link":"https:\/\/genova.ee\/ru\/kontakty\/","title":{"rendered":"\u041a\u043e\u043d\u0442\u0430\u043a\u0442\u044b"},"content":{"rendered":"<div class=\"contact-form\"><div class=\"layout \"><div class=\"container clearfix\">\n<a href=\"https:\/\/genova.ee\/wp-content\/uploads\/2015\/07\/idakeskus-65980470.jpg\"><img loading=\"lazy\" decoding=\"async\" src=\"https:\/\/genova.ee\/wp-content\/uploads\/2015\/07\/idakeskus-65980470.jpg\" alt=\"K\u00f6\u00f6gim\u00f6\u00f6bel\" width=\"810\" height=\"527\" \/><\/a><br \/>\n<div class=\"clear\"><\/div><\/div><\/div>\n<div class=\"column-group columns-3\"><div class=\"column column-number-2 column-span-2\"><\/p>\n<h3>\u041d\u0430\u043f\u0438\u0448\u0438\u0442\u0435 \u043d\u0430\u043c<\/h3>\n\n<div class=\"wpcf7 no-js\" id=\"wpcf7-f525-o1\" lang=\"et-EE\" dir=\"ltr\" data-wpcf7-id=\"525\">\n<div class=\"screen-reader-response\"><p role=\"status\" aria-live=\"polite\" aria-atomic=\"true\"><\/p> <ul><\/ul><\/div>\n<form action=\"\/ru\/wp-json\/wp\/v2\/pages\/1666#wpcf7-f525-o1\" method=\"post\" class=\"wpcf7-form init\" aria-label=\"\u041a\u043e\u043d\u0442\u0430\u043a\u0442\u043d\u0430\u044f \u0444\u043e\u0440\u043c\u0430\" novalidate=\"novalidate\" data-status=\"init\">\n<div style=\"display: none;\">\n<input type=\"hidden\" name=\"_wpcf7\" value=\"525\" \/>\n<input type=\"hidden\" name=\"_wpcf7_version\" value=\"6.0.5\" \/>\n<input type=\"hidden\" name=\"_wpcf7_locale\" value=\"et_EE\" \/>\n<input type=\"hidden\" name=\"_wpcf7_unit_tag\" value=\"wpcf7-f525-o1\" \/>\n<input type=\"hidden\" name=\"_wpcf7_container_post\" value=\"0\" \/>\n<input type=\"hidden\" name=\"_wpcf7_posted_data_hash\" value=\"\" \/>\n<input type=\"hidden\" name=\"_wpcf7_recaptcha_response\" value=\"\" \/>\n<\/div>\n<p>\u0412\u0430\u0448\u0435 \u0438\u043c\u044f (\u043e\u0431\u044f\u0437\u0430\u0442\u0435\u043b\u044c\u043d\u043e)\n<\/p>\n<p><span class=\"wpcf7-form-control-wrap\" data-name=\"your-name\"><input size=\"40\" maxlength=\"400\" class=\"wpcf7-form-control wpcf7-text wpcf7-validates-as-required\" aria-required=\"true\" aria-invalid=\"false\" value=\"\" type=\"text\" name=\"your-name\" \/><\/span>\n<\/p>\n<p>\u0412\u0430\u0448 \u044d\u043b\u0435\u043a\u0442\u0440\u043e\u043d\u043d\u044b\u0439 \u0430\u0434\u0440\u0435\u0441 (\u043e\u0431\u044f\u0437\u0430\u0442\u0435\u043b\u044c\u043d\u043e)\n<\/p>\n<p><span class=\"wpcf7-form-control-wrap\" data-name=\"your-email\"><input size=\"40\" maxlength=\"400\" class=\"wpcf7-form-control wpcf7-email wpcf7-validates-as-required wpcf7-text wpcf7-validates-as-email\" aria-required=\"true\" aria-invalid=\"false\" value=\"\" type=\"email\" name=\"your-email\" \/><\/span>\n<\/p>\n<p>\u0422\u0435\u043b\u0435\u0444\u043e\u043d\n<\/p>\n<p><span class=\"wpcf7-form-control-wrap\" data-name=\"tel-726\"><input size=\"40\" maxlength=\"400\" class=\"wpcf7-form-control wpcf7-tel wpcf7-text wpcf7-validates-as-tel\" aria-invalid=\"false\" value=\"\" type=\"tel\" name=\"tel-726\" \/><\/span>\n<\/p>\n<p>\u0421\u043f\u043e\u0441\u043e\u0431 \u0441\u0432\u044f\u0437\u0438\n<\/p>\n<p><span class=\"wpcf7-form-control-wrap\" data-name=\"menu-824\"><select class=\"wpcf7-form-control wpcf7-select\" aria-invalid=\"false\" name=\"menu-824\"><option value=\"\u0442\u0435\u043b\u0435\u0444\u043e\u043d\">\u0442\u0435\u043b\u0435\u0444\u043e\u043d<\/option><option value=\"\u044d\u043b. \u043f\u043e\u0447\u0442\u0430\">\u044d\u043b. \u043f\u043e\u0447\u0442\u0430<\/option><\/select><\/span>\n<\/p>\n<p>\u0421\u043e\u043e\u0431\u0449\u0435\u043d\u0438\u0435\n<\/p>\n<p><span class=\"wpcf7-form-control-wrap\" data-name=\"your-message\"><textarea cols=\"40\" rows=\"10\" maxlength=\"2000\" class=\"wpcf7-form-control wpcf7-textarea\" aria-invalid=\"false\" name=\"your-message\"><\/textarea><\/span>\n<\/p>\n<p><input class=\"wpcf7-form-control wpcf7-submit has-spinner\" type=\"submit\" value=\"\u041e\u0442\u043f\u0440\u0430\u0432\u0438\u0442\u044c\" \/>\n<\/p><div class=\"wpcf7-response-output\" aria-hidden=\"true\"><\/div>\n<\/form>\n<\/div>\n\n<p>\n<\/div><div class=\"column column-number-3 last column-span-1\"><\/p>\n<h3>\u041b\u043e\u043a\u0430\u0446\u0438\u044f<\/h3>\n<p><strong>\u0410\u0434\u0440\u0435\u0441:<\/strong><br \/>\n\u041f\u0443\u043d\u0430\u043d\u0435 16 (\u0422\u043e\u0440\u043e\u0433\u0432\u044b\u0439 \u0446\u0435\u043d\u0442\u0440 Idakeskus), II \u044d\u0442\u0430\u0436<br \/>\n13619, \u0422\u0430\u043b\u043b\u0438\u043d\u043d,<br \/>\n\u042d\u0441\u0442\u043e\u043d\u0438\u044f<\/p>\n<p><strong>\u0422\u0435\u043b\u0435\u0444\u043e\u043d:<\/strong><br \/>\n<a href=\"tel:+37256274226\">+372 56274226<\/a><\/p>\n<p><strong>\u042d\u043c\u0430\u0439\u043b<br \/>\n<\/strong><a href=\"mailto:genovamoobel@gmail.com\">genovamoobel@gmail.com<\/a><\/p>\n<p><strong>\u0427\u0430\u0441\u044b \u0440\u0430\u0431\u043e\u0442\u044b:<\/strong><br \/>\n\u0412\u0422 &#8212; \u041f\u0422: 11:00 &#8212; 19:00<br \/>\n\u0421\u0411: 11:00 &#8212; 16:00<\/p>\n<\/div><\/div><\/p>\n<\/div>\n","protected":false},"excerpt":{"rendered":"","protected":false},"author":2,"featured_media":0,"parent":0,"menu_order":0,"comment_status":"closed","ping_status":"closed","template":"","meta":{"footnotes":""},"class_list":["post-1666","page","type-page","status-publish","hentry"],"aioseo_notices":[],"_links":{"self":[{"href":"https:\/\/genova.ee\/ru\/wp-json\/wp\/v2\/pages\/1666","targetHints":{"allow":["GET"]}}],"collection":[{"href":"https:\/\/genova.ee\/ru\/wp-json\/wp\/v2\/pages"}],"about":[{"href":"https:\/\/genova.ee\/ru\/wp-json\/wp\/v2\/types\/page"}],"author":[{"embeddable":true,"href":"https:\/\/genova.ee\/ru\/wp-json\/wp\/v2\/users\/2"}],"replies":[{"embeddable":true,"href":"https:\/\/genova.ee\/ru\/wp-json\/wp\/v2\/comments?post=1666"}],"version-history":[{"count":4,"href":"https:\/\/genova.ee\/ru\/wp-json\/wp\/v2\/pages\/1666\/revisions"}],"predecessor-version":[{"id":2559,"href":"https:\/\/genova.ee\/ru\/wp-json\/wp\/v2\/pages\/1666\/revisions\/2559"}],"wp:attachment":[{"href":"https:\/\/genova.ee\/ru\/wp-json\/wp\/v2\/media?parent=1666"}],"curies":[{"name":"wp","href":"https:\/\/api.w.org\/{rel}","templated":true}]}}